{"id":687,"date":"2026-04-28T00:16:56","date_gmt":"2026-04-27T22:16:56","guid":{"rendered":"https:\/\/topconstruct.md\/?page_id=687"},"modified":"2026-04-28T09:26:53","modified_gmt":"2026-04-28T07:26:53","slug":"politica-de-cookies","status":"publish","type":"page","link":"https:\/\/topconstruct.md\/ru\/politica-de-cookies\/","title":{"rendered":"\u041f\u043e\u043b\u0438\u0442\u0438\u043a\u0430 \u0444\u0430\u0439\u043b\u043e\u0432 cookie"},"content":{"rendered":"<h2>S.R.L.TOPCONSTRUCT BNN<\/h2>\n<p>\u041f\u043e\u0441\u043b\u0435\u0434\u043d\u0435\u0435 \u043e\u0431\u043d\u043e\u0432\u043b\u0435\u043d\u0438\u0435: 27.04.2026<\/p>\n<p>\u041d\u0430\u0441\u0442\u043e\u044f\u0449\u0430\u044f \u041f\u043e\u043b\u0438\u0442\u0438\u043a\u0430 \u0438\u0441\u043f\u043e\u043b\u044c\u0437\u043e\u0432\u0430\u043d\u0438\u044f \u0444\u0430\u0439\u043b\u043e\u0432 cookie \u043e\u0431\u044a\u044f\u0441\u043d\u044f\u0435\u0442, \u043a\u0430\u043a S.R.L. TOPCONSTRUCT BNN \u0438\u0441\u043f\u043e\u043b\u044c\u0437\u0443\u0435\u0442 \u0444\u0430\u0439\u043b\u044b cookie \u0438 \u0430\u043d\u0430\u043b\u043e\u0433\u0438\u0447\u043d\u044b\u0435 \u0442\u0435\u0445\u043d\u043e\u043b\u043e\u0433\u0438\u0438 \u043d\u0430 \u0441\u0430\u0439\u0442\u0435 topconstruct.md.<\/p>\n<p>\u0418\u0441\u043f\u043e\u043b\u044c\u0437\u0443\u044f \u043d\u0430\u0448 \u0441\u0430\u0439\u0442, \u0432\u044b \u0441\u043e\u0433\u043b\u0430\u0448\u0430\u0435\u0442\u0435\u0441\u044c \u043d\u0430 \u0438\u0441\u043f\u043e\u043b\u044c\u0437\u043e\u0432\u0430\u043d\u0438\u0435 \u0444\u0430\u0439\u043b\u043e\u0432 cookie \u0432 \u0441\u043e\u043e\u0442\u0432\u0435\u0442\u0441\u0442\u0432\u0438\u0438 \u0441 \u0434\u0430\u043d\u043d\u043e\u0439 \u043f\u043e\u043b\u0438\u0442\u0438\u043a\u043e\u0439. \u0415\u0441\u043b\u0438 \u0432\u044b \u043d\u0435 \u0441\u043e\u0433\u043b\u0430\u0441\u043d\u044b \u0441 \u0438\u0441\u043f\u043e\u043b\u044c\u0437\u043e\u0432\u0430\u043d\u0438\u0435\u043c \u0444\u0430\u0439\u043b\u043e\u0432 cookie, \u0432\u044b \u043c\u043e\u0436\u0435\u0442\u0435 \u0438\u0437\u043c\u0435\u043d\u0438\u0442\u044c \u043d\u0430\u0441\u0442\u0440\u043e\u0439\u043a\u0438 \u0441\u0432\u043e\u0435\u0433\u043e \u0431\u0440\u0430\u0443\u0437\u0435\u0440\u0430 \u0441\u043e\u0433\u043b\u0430\u0441\u043d\u043e \u0438\u043d\u0441\u0442\u0440\u0443\u043a\u0446\u0438\u044f\u043c, \u0438\u0437\u043b\u043e\u0436\u0435\u043d\u043d\u044b\u043c \u043d\u0438\u0436\u0435.<\/p>\n<h2>1. \u0427\u0442\u043e \u0442\u0430\u043a\u043e\u0435 \u0444\u0430\u0439\u043b\u044b cookie?<\/h2>\n<p>\u0424\u0430\u0439\u043b\u044b cookie \u2014 \u044d\u0442\u043e \u043d\u0435\u0431\u043e\u043b\u044c\u0448\u0438\u0435 \u0442\u0435\u043a\u0441\u0442\u043e\u0432\u044b\u0435 \u0444\u0430\u0439\u043b\u044b, \u043a\u043e\u0442\u043e\u0440\u044b\u0435 \u0441\u043e\u0445\u0440\u0430\u043d\u044f\u044e\u0442\u0441\u044f \u043d\u0430 \u0432\u0430\u0448\u0435\u043c \u0443\u0441\u0442\u0440\u043e\u0439\u0441\u0442\u0432\u0435 (\u043a\u043e\u043c\u043f\u044c\u044e\u0442\u0435\u0440\u0435, \u043f\u043b\u0430\u043d\u0448\u0435\u0442\u0435, \u043c\u043e\u0431\u0438\u043b\u044c\u043d\u043e\u043c \u0442\u0435\u043b\u0435\u0444\u043e\u043d\u0435) \u043f\u0440\u0438 \u043f\u043e\u0441\u0435\u0449\u0435\u043d\u0438\u0438 \u0432\u0435\u0431-\u0441\u0430\u0439\u0442\u0430. \u041e\u043d\u0438 \u043f\u043e\u0437\u0432\u043e\u043b\u044f\u044e\u0442 \u0441\u0430\u0439\u0442\u0443 \u0437\u0430\u043f\u043e\u043c\u0438\u043d\u0430\u0442\u044c \u0438\u043d\u0444\u043e\u0440\u043c\u0430\u0446\u0438\u044e \u043e \u0432\u0430\u0448\u0435\u043c \u0432\u0438\u0437\u0438\u0442\u0435, \u0442\u0430\u043a\u0443\u044e \u043a\u0430\u043a \u043f\u0440\u0435\u0434\u043f\u043e\u0447\u0442\u0435\u043d\u0438\u044f \u043d\u0430\u0432\u0438\u0433\u0430\u0446\u0438\u0438 \u0438 \u044f\u0437\u044b\u043a\u043e\u0432\u044b\u0435 \u043d\u0430\u0441\u0442\u0440\u043e\u0439\u043a\u0438, \u0447\u0442\u043e\u0431\u044b \u0443\u043b\u0443\u0447\u0448\u0438\u0442\u044c \u043f\u043e\u043b\u044c\u0437\u043e\u0432\u0430\u0442\u0435\u043b\u044c\u0441\u043a\u0438\u0439 \u043e\u043f\u044b\u0442.<\/p>\n<h2>2. \u041a\u0430\u043a\u0438\u0435 \u0442\u0438\u043f\u044b \u0444\u0430\u0439\u043b\u043e\u0432 cookie \u043c\u044b \u0438\u0441\u043f\u043e\u043b\u044c\u0437\u0443\u0435\u043c?<\/h2>\n<h4>2.1. \u041e\u0431\u044f\u0437\u0430\u0442\u0435\u043b\u044c\u043d\u044b\u0435 (\u0442\u0435\u0445\u043d\u0438\u0447\u0435\u0441\u043a\u0438\u0435) \u0444\u0430\u0439\u043b\u044b cookie<\/h4>\n<p>\u042d\u0442\u0438 \u0444\u0430\u0439\u043b\u044b \u043d\u0435\u043e\u0431\u0445\u043e\u0434\u0438\u043c\u044b \u0434\u043b\u044f \u043a\u043e\u0440\u0440\u0435\u043a\u0442\u043d\u043e\u0439 \u0440\u0430\u0431\u043e\u0442\u044b \u0441\u0430\u0439\u0442\u0430 \u0438 \u043d\u0435 \u043c\u043e\u0433\u0443\u0442 \u0431\u044b\u0442\u044c \u043e\u0442\u043a\u043b\u044e\u0447\u0435\u043d\u044b. \u041e\u043d\u0438 \u0438\u0441\u043f\u043e\u043b\u044c\u0437\u0443\u044e\u0442\u0441\u044f \u0434\u043b\u044f:<\/p>\n<p>\u2705 \u041e\u0431\u0435\u0441\u043f\u0435\u0447\u0435\u043d\u0438\u044f \u0440\u0430\u0431\u043e\u0442\u044b \u0441\u0442\u0440\u0430\u043d\u0438\u0446 \u0438 \u0444\u043e\u0440\u043c;<br \/>\n\u2705 \u041f\u043e\u0434\u0434\u0435\u0440\u0436\u0430\u043d\u0438\u044f \u043f\u043e\u043b\u044c\u0437\u043e\u0432\u0430\u0442\u0435\u043b\u044c\u0441\u043a\u043e\u0439 \u0441\u0435\u0441\u0441\u0438\u0438;<br \/>\n\u2705 \u0411\u0435\u0437\u043e\u043f\u0430\u0441\u043d\u043e\u0441\u0442\u0438 \u0441\u0430\u0439\u0442\u0430.<\/p>\n<h4>2.2. \u042d\u043a\u0441\u043f\u043b\u0443\u0430\u0442\u0430\u0446\u0438\u043e\u043d\u043d\u044b\u0435 \u0438 \u0430\u043d\u0430\u043b\u0438\u0442\u0438\u0447\u0435\u0441\u043a\u0438\u0435 \u0444\u0430\u0439\u043b\u044b cookie<\/h4>\n<p>\u042d\u0442\u0438 \u0444\u0430\u0439\u043b\u044b \u0441\u043e\u0431\u0438\u0440\u0430\u044e\u0442 \u0438\u043d\u0444\u043e\u0440\u043c\u0430\u0446\u0438\u044e \u043e \u0442\u043e\u043c, \u043a\u0430\u043a \u043f\u043e\u0441\u0435\u0442\u0438\u0442\u0435\u043b\u0438 \u0438\u0441\u043f\u043e\u043b\u044c\u0437\u0443\u044e\u0442 \u0441\u0430\u0439\u0442, \u0447\u0442\u043e\u0431\u044b \u043c\u044b \u043c\u043e\u0433\u043b\u0438 \u0443\u043b\u0443\u0447\u0448\u0438\u0442\u044c \u0435\u0433\u043e \u043a\u043e\u043d\u0442\u0435\u043d\u0442 \u0438 \u0444\u0443\u043d\u043a\u0446\u0438\u043e\u043d\u0430\u043b\u044c\u043d\u043e\u0441\u0442\u044c.<\/p>\n<p>\u2705 \u0410\u043d\u0430\u043b\u0438\u0437 \u0442\u0440\u0430\u0444\u0438\u043a\u0430 \u0438 \u043f\u043e\u0432\u0435\u0434\u0435\u043d\u0438\u044f \u043f\u043e\u043b\u044c\u0437\u043e\u0432\u0430\u0442\u0435\u043b\u0435\u0439 \u043d\u0430 \u0441\u0430\u0439\u0442\u0435;<br \/>\n\u2705 \u041e\u043f\u0440\u0435\u0434\u0435\u043b\u0435\u043d\u0438\u0435 \u0447\u0430\u0441\u0442\u043e \u043f\u043e\u0441\u0435\u0449\u0430\u0435\u043c\u044b\u0445 \u0441\u0442\u0440\u0430\u043d\u0438\u0446;<br \/>\n\u2705 \u041e\u043f\u0442\u0438\u043c\u0438\u0437\u0430\u0446\u0438\u044f \u0441\u043a\u043e\u0440\u043e\u0441\u0442\u0438 \u0438 \u043f\u0440\u043e\u0438\u0437\u0432\u043e\u0434\u0438\u0442\u0435\u043b\u044c\u043d\u043e\u0441\u0442\u0438.<\/p>\n<p>\ud83d\udd39\u041f\u0440\u0438\u043c\u0435\u0440\u044b: Google Analytics, Hotjar.<\/p>\n<h4>2.3. \u0424\u0443\u043d\u043a\u0446\u0438\u043e\u043d\u0430\u043b\u044c\u043d\u044b\u0435 \u0444\u0430\u0439\u043b\u044b cookie<\/h4>\n<p>\u042d\u0442\u0438 \u0444\u0430\u0439\u043b\u044b \u0443\u043b\u0443\u0447\u0448\u0430\u044e\u0442 \u0432\u0437\u0430\u0438\u043c\u043e\u0434\u0435\u0439\u0441\u0442\u0432\u0438\u0435 \u0441 \u043f\u043e\u043b\u044c\u0437\u043e\u0432\u0430\u0442\u0435\u043b\u0435\u043c, \u043f\u043e\u0437\u0432\u043e\u043b\u044f\u044f \u0441\u0430\u0439\u0442\u0443 \u0437\u0430\u043f\u043e\u043c\u0438\u043d\u0430\u0442\u044c \u043f\u0435\u0440\u0441\u043e\u043d\u0430\u043b\u044c\u043d\u044b\u0435 \u043f\u0440\u0435\u0434\u043f\u043e\u0447\u0442\u0435\u043d\u0438\u044f.<\/p>\n<p>\u2705 \u0421\u043e\u0445\u0440\u0430\u043d\u0435\u043d\u0438\u0435 \u044f\u0437\u044b\u043a\u043e\u0432\u044b\u0445 \u043d\u0430\u0441\u0442\u0440\u043e\u0435\u043a;<br \/>\n\u2705 \u0417\u0430\u043f\u043e\u043c\u0438\u043d\u0430\u043d\u0438\u0435 \u043f\u0440\u0435\u0434\u043f\u043e\u0447\u0442\u0435\u043d\u0438\u0439 \u043e\u0442\u043e\u0431\u0440\u0430\u0436\u0435\u043d\u0438\u044f \u043a\u043e\u043d\u0442\u0435\u043d\u0442\u0430;<br \/>\n\u2705 \u041f\u0435\u0440\u0441\u043e\u043d\u0430\u043b\u0438\u0437\u0430\u0446\u0438\u044f \u043f\u043e\u043b\u044c\u0437\u043e\u0432\u0430\u0442\u0435\u043b\u044c\u0441\u043a\u043e\u0433\u043e \u043e\u043f\u044b\u0442\u0430.<\/p>\n<p>\ud83d\udd39 \u041f\u0440\u0438\u043c\u0435\u0440: \u0424\u0430\u0439\u043b\u044b, \u0437\u0430\u043f\u043e\u043c\u0438\u043d\u0430\u044e\u0449\u0438\u0435 \u0432\u044b\u0431\u0440\u0430\u043d\u043d\u044b\u0439 \u044f\u0437\u044b\u043a \u0438\u043d\u0442\u0435\u0440\u0444\u0435\u0439\u0441\u0430.<\/p>\n<h4>2.4. \u041c\u0430\u0440\u043a\u0435\u0442\u0438\u043d\u0433\u043e\u0432\u044b\u0435 \u0438 \u0440\u0435\u043a\u043b\u0430\u043c\u043d\u044b\u0435 \u0444\u0430\u0439\u043b\u044b cookie<\/h4>\n<p>\u0418\u0441\u043f\u043e\u043b\u044c\u0437\u0443\u044e\u0442\u0441\u044f \u0434\u043b\u044f \u043e\u0442\u043e\u0431\u0440\u0430\u0436\u0435\u043d\u0438\u044f \u0440\u0435\u043b\u0435\u0432\u0430\u043d\u0442\u043d\u043e\u0439 \u0440\u0435\u043a\u043b\u0430\u043c\u044b \u0438 \u043e\u0433\u0440\u0430\u043d\u0438\u0447\u0435\u043d\u0438\u044f \u043a\u043e\u043b\u0438\u0447\u0435\u0441\u0442\u0432\u0430 \u043f\u043e\u043a\u0430\u0437\u043e\u0432 \u043e\u0434\u043d\u043e\u0433\u043e \u0438 \u0442\u043e\u0433\u043e \u0436\u0435 \u043e\u0431\u044a\u044f\u0432\u043b\u0435\u043d\u0438\u044f.<\/p>\n<p>\u2705 \u0420\u0435\u043c\u0430\u0440\u043a\u0435\u0442\u0438\u043d\u0433 \u0438 \u043f\u0435\u0440\u0441\u043e\u043d\u0430\u043b\u0438\u0437\u0438\u0440\u043e\u0432\u0430\u043d\u043d\u0430\u044f \u0440\u0435\u043a\u043b\u0430\u043c\u0430;<br \/>\n\u2705 \u0418\u0437\u043c\u0435\u0440\u0435\u043d\u0438\u0435 \u044d\u0444\u0444\u0435\u043a\u0442\u0438\u0432\u043d\u043e\u0441\u0442\u0438 \u0440\u0435\u043a\u043b\u0430\u043c\u043d\u044b\u0445 \u043a\u0430\u043c\u043f\u0430\u043d\u0438\u0439;<br \/>\n\u2705 \u041e\u0442\u043e\u0431\u0440\u0430\u0436\u0435\u043d\u0438\u0435 \u043e\u0431\u044a\u044f\u0432\u043b\u0435\u043d\u0438\u0439 \u0432 Google, Facebook \u0438 \u043d\u0430 \u0434\u0440\u0443\u0433\u0438\u0445 \u043f\u043b\u0430\u0442\u0444\u043e\u0440\u043c\u0430\u0445.<\/p>\n<p>\ud83d\udd39\u041f\u0440\u0438\u043c\u0435\u0440\u044b: Google Ads, Facebook Pixel.<\/p>\n<h2>3. \u0424\u0430\u0439\u043b\u044b cookie \u0442\u0440\u0435\u0442\u044c\u0438\u0445 \u043b\u0438\u0446<\/h2>\n<p>\u041d\u0430\u0448 \u0441\u0430\u0439\u0442 \u0438\u0441\u043f\u043e\u043b\u044c\u0437\u0443\u0435\u0442 \u0444\u0430\u0439\u043b\u044b cookie, \u043f\u0440\u0435\u0434\u043e\u0441\u0442\u0430\u0432\u043b\u044f\u0435\u043c\u044b\u0435 \u0442\u0440\u0435\u0442\u044c\u0438\u043c\u0438 \u043b\u0438\u0446\u0430\u043c\u0438 \u0434\u043b\u044f \u0440\u0430\u0441\u0448\u0438\u0440\u0435\u043d\u0438\u044f \u0444\u0443\u043d\u043a\u0446\u0438\u043e\u043d\u0430\u043b\u0430:<\/p>\n<p>\ud83d\udd39 Google Analytics \u2014 \u043c\u043e\u043d\u0438\u0442\u043e\u0440\u0438\u043d\u0433 \u0442\u0440\u0430\u0444\u0438\u043a\u0430 \u0438 \u043f\u043e\u0432\u0435\u0434\u0435\u043d\u0438\u044f \u043f\u043e\u043b\u044c\u0437\u043e\u0432\u0430\u0442\u0435\u043b\u0435\u0439;<br \/>\n\ud83d\udd39 YouTube \u2014 \u0434\u043b\u044f \u0438\u043d\u0442\u0435\u0433\u0440\u0430\u0446\u0438\u0438 \u0432\u0438\u0434\u0435\u043e\u043c\u0430\u0442\u0435\u0440\u0438\u0430\u043b\u043e\u0432.<\/p>\n<h2>4. \u041a\u0430\u043a \u0432\u044b \u043c\u043e\u0436\u0435\u0442\u0435 \u0443\u043f\u0440\u0430\u0432\u043b\u044f\u0442\u044c \u0444\u0430\u0439\u043b\u0430\u043c\u0438 cookie?<\/h2>\n<p>\u0423 \u0432\u0430\u0441 \u0435\u0441\u0442\u044c \u043f\u0440\u0430\u0432\u043e \u043f\u0440\u0438\u043d\u044f\u0442\u044c \u0438\u043b\u0438 \u043e\u0442\u043a\u043b\u043e\u043d\u0438\u0442\u044c \u0438\u0441\u043f\u043e\u043b\u044c\u0437\u043e\u0432\u0430\u043d\u0438\u0435 \u0444\u0430\u0439\u043b\u043e\u0432 cookie. \u0412\u044b \u043c\u043e\u0436\u0435\u0442\u0435 \u0443\u043f\u0440\u0430\u0432\u043b\u044f\u0442\u044c \u043d\u0430\u0441\u0442\u0440\u043e\u0439\u043a\u0430\u043c\u0438 \u0432 \u0441\u0432\u043e\u0435\u043c \u0431\u0440\u0430\u0443\u0437\u0435\u0440\u0435:<\/p>\n<p>\ud83d\udd39 Google Chrome: \u0418\u043d\u0441\u0442\u0440\u0443\u043a\u0446\u0438\u0438<br \/>\n\ud83d\udd39 Mozilla Firefox: \u0418\u043d\u0441\u0442\u0440\u0443\u043a\u0446\u0438\u0438<br \/>\n\ud83d\udd39 Microsoft Edge: \u0418\u043d\u0441\u0442\u0440\u0443\u043a\u0446\u0438\u0438<br \/>\n\ud83d\udd39 Safari: \u0418\u043d\u0441\u0442\u0440\u0443\u043a\u0446\u0438\u0438<\/p>\n<p>\u0422\u0430\u043a\u0436\u0435 \u0432\u044b \u043c\u043e\u0436\u0435\u0442\u0435 \u0438\u0441\u043f\u043e\u043b\u044c\u0437\u043e\u0432\u0430\u0442\u044c \u0440\u0435\u0436\u0438\u043c \u0438\u043d\u043a\u043e\u0433\u043d\u0438\u0442\u043e \u0432 \u0431\u0440\u0430\u0443\u0437\u0435\u0440\u0435 \u0434\u043b\u044f \u043d\u0430\u0432\u0438\u0433\u0430\u0446\u0438\u0438 \u0431\u0435\u0437 \u0441\u043e\u0445\u0440\u0430\u043d\u0435\u043d\u0438\u044f \u0444\u0430\u0439\u043b\u043e\u0432 cookie.<\/p>\n<h2>5. \u0421\u0440\u043e\u043a \u0445\u0440\u0430\u043d\u0435\u043d\u0438\u044f \u0444\u0430\u0439\u043b\u043e\u0432 cookie<\/h2>\n<p>\u0424\u0430\u0439\u043b\u044b cookie \u043c\u043e\u0433\u0443\u0442 \u0431\u044b\u0442\u044c:<\/p>\n<ul>\n<li>\u0421\u0435\u0441\u0441\u0438\u043e\u043d\u043d\u044b\u043c\u0438 \u2014 \u0443\u0434\u0430\u043b\u044f\u044e\u0442\u0441\u044f \u0430\u0432\u0442\u043e\u043c\u0430\u0442\u0438\u0447\u0435\u0441\u043a\u0438 \u043f\u0440\u0438 \u0437\u0430\u043a\u0440\u044b\u0442\u0438\u0438 \u0431\u0440\u0430\u0443\u0437\u0435\u0440\u0430.<\/li>\n<li>\u041f\u043e\u0441\u0442\u043e\u044f\u043d\u043d\u044b\u043c\u0438 \u2014 \u043e\u0441\u0442\u0430\u044e\u0442\u0441\u044f \u043d\u0430 \u0443\u0441\u0442\u0440\u043e\u0439\u0441\u0442\u0432\u0435 \u0432 \u0442\u0435\u0447\u0435\u043d\u0438\u0435 \u043e\u043f\u0440\u0435\u0434\u0435\u043b\u0435\u043d\u043d\u043e\u0433\u043e \u043f\u0435\u0440\u0438\u043e\u0434\u0430 (\u043d\u0430\u043f\u0440\u0438\u043c\u0435\u0440, 30 \u0434\u043d\u0435\u0439).<\/li>\n<\/ul>\n<h2>6. \u0418\u0437\u043c\u0435\u043d\u0435\u043d\u0438\u044f \u0432 \u041f\u043e\u043b\u0438\u0442\u0438\u043a\u0435 \u0438\u0441\u043f\u043e\u043b\u044c\u0437\u043e\u0432\u0430\u043d\u0438\u044f \u0444\u0430\u0439\u043b\u043e\u0432 cookie<\/h2>\n<p>S.R.L. TOPCONSTRUCT BNN \u043e\u0441\u0442\u0430\u0432\u043b\u044f\u0435\u0442 \u0437\u0430 \u0441\u043e\u0431\u043e\u0439 \u043f\u0440\u0430\u0432\u043e \u043f\u0435\u0440\u0438\u043e\u0434\u0438\u0447\u0435\u0441\u043a\u0438 \u043e\u0431\u043d\u043e\u0432\u043b\u044f\u0442\u044c \u043d\u0430\u0441\u0442\u043e\u044f\u0449\u0443\u044e \u043f\u043e\u043b\u0438\u0442\u0438\u043a\u0443. \u041b\u044e\u0431\u044b\u0435 \u0438\u0437\u043c\u0435\u043d\u0435\u043d\u0438\u044f \u0431\u0443\u0434\u0443\u0442 \u043e\u043f\u0443\u0431\u043b\u0438\u043a\u043e\u0432\u0430\u043d\u044b \u043d\u0430 \u044d\u0442\u043e\u0439 \u0441\u0442\u0440\u0430\u043d\u0438\u0446\u0435.<\/p>\n<h2>7. \u041a\u043e\u043d\u0442\u0430\u043a\u0442\u044b<\/h2>\n<p>\u041f\u043e \u0432\u043e\u043f\u0440\u043e\u0441\u0430\u043c, \u0441\u0432\u044f\u0437\u0430\u043d\u043d\u044b\u043c \u0441 \u0438\u0441\u043f\u043e\u043b\u044c\u0437\u043e\u0432\u0430\u043d\u0438\u0435\u043c \u0444\u0430\u0439\u043b\u043e\u0432 cookie, \u0432\u044b \u043c\u043e\u0436\u0435\u0442\u0435 \u0441\u0432\u044f\u0437\u0430\u0442\u044c\u0441\u044f \u0441 \u043d\u0430\u043c\u0438:<\/p>\n<p>\u0410\u0434\u0440\u0435\u0441: \u043c\u0443\u043d. \u041a\u0430\u0433\u0443\u043b, \u0443\u043b. \u0418.\u0412. \u0427\u0435\u043b \u041a\u0443\u043c\u043f\u043b\u0438\u0442, 73 (mun. Cahul, str. I.V. cel Cumplit, 73)<br \/>\n\ud83d\udce7 \u042d\u043b. \u043f\u043e\u0447\u0442\u0430: <a href=\"mailto:topconstruct.srl@gmail.com\">topconstruct.srl@gmail.com<\/a><br \/>\n\ud83d\udcde\u0422\u0435\u043b\u0435\u0444\u043e\u043d: <a href=\"tel:+37368692020\">068692020<\/a><\/p>\n<p>\u041d\u0430\u0441\u0442\u043e\u044f\u0449\u0430\u044f \u041f\u043e\u043b\u0438\u0442\u0438\u043a\u0430 \u0438\u0441\u043f\u043e\u043b\u044c\u0437\u043e\u0432\u0430\u043d\u0438\u044f \u0444\u0430\u0439\u043b\u043e\u0432 cookie \u0441\u043e\u043e\u0442\u0432\u0435\u0442\u0441\u0442\u0432\u0443\u0435\u0442 \u0417\u0430\u043a\u043e\u043d\u0443 \u2116 133\/2011 \u043e \u0437\u0430\u0449\u0438\u0442\u0435 \u043f\u0435\u0440\u0441\u043e\u043d\u0430\u043b\u044c\u043d\u044b\u0445 \u0434\u0430\u043d\u043d\u044b\u0445 \u0420\u0435\u0441\u043f\u0443\u0431\u043b\u0438\u043a\u0438 \u041c\u043e\u043b\u0434\u043e\u0432\u0430.<\/p>","protected":false},"excerpt":{"rendered":"<p>S.R.L.TOPCONSTRUCT BNN Ultima actualizare: 27.04.2026 Aceast\u0103 Politic\u0103 de Cookie-uri explic\u0103 modul \u00een care S.R.L. TOPCONSTRUCT BNN utilizeaz\u0103 cookie-uri \u0219i tehnologii similare pe site-ul topconstruct.md . Prin utilizarea site-ului nostru, sunte\u021bi de acord cu utilizarea cookie-urilor conform prezentei politici. Dac\u0103 nu sunte\u021bi de acord cu utilizarea cookie-urilor, pute\u021bi modifica set\u0103rile browserului conform indica\u021biilor din aceast\u0103 politic\u0103. [&hellip;]<\/p>\n","protected":false},"author":1,"featured_media":0,"parent":0,"menu_order":0,"comment_status":"closed","ping_status":"closed","template":"","meta":{"_acf_changed":false,"footnotes":""},"class_list":["post-687","page","type-page","status-publish","format-standard","hentry"],"acf":[],"_links":{"self":[{"href":"https:\/\/topconstruct.md\/ru\/wp-json\/wp\/v2\/pages\/687","targetHints":{"allow":["GET"]}}],"collection":[{"href":"https:\/\/topconstruct.md\/ru\/wp-json\/wp\/v2\/pages"}],"about":[{"href":"https:\/\/topconstruct.md\/ru\/wp-json\/wp\/v2\/types\/page"}],"author":[{"embeddable":true,"href":"https:\/\/topconstruct.md\/ru\/wp-json\/wp\/v2\/users\/1"}],"replies":[{"embeddable":true,"href":"https:\/\/topconstruct.md\/ru\/wp-json\/wp\/v2\/comments?post=687"}],"version-history":[{"count":4,"href":"https:\/\/topconstruct.md\/ru\/wp-json\/wp\/v2\/pages\/687\/revisions"}],"predecessor-version":[{"id":709,"href":"https:\/\/topconstruct.md\/ru\/wp-json\/wp\/v2\/pages\/687\/revisions\/709"}],"wp:attachment":[{"href":"https:\/\/topconstruct.md\/ru\/wp-json\/wp\/v2\/media?parent=687"}],"curies":[{"name":"wp","href":"https:\/\/api.w.org\/{rel}","templated":true}]}}